{"id":620,"date":"2015-07-29T12:10:20","date_gmt":"2015-07-29T10:10:20","guid":{"rendered":"http:\/\/luko.info\/?page_id=620"},"modified":"2020-02-18T07:14:26","modified_gmt":"2020-02-18T06:14:26","slug":"expositions","status":"publish","type":"page","link":"https:\/\/luko.info\/?page_id=620","title":{"rendered":"Expositions"},"content":{"rendered":"<p><strong>Presse Citron &#8211;\u00a0<\/strong>BNF (Paris &#8211; 75) mars 2020<\/p>\n<p><strong>Illumine &#8211; Universit\u00e9 de saint-Quentin-en-Yvelines\u00a0<\/strong>(Saint-Quentin-en-Yvelines &#8211; 78) f\u00e9vrier 2020<\/p>\n<p><strong>Festival des m\u00e9caniques anciennes <\/strong>(Saint-Vincent &#8211; 43) juillet 2019<\/p>\n<p><strong>Presse Citron &#8211;\u00a0<\/strong>Hall de l&rsquo;\u00c9cole Estienne (Paris &#8211; 75) mars 2019<\/p>\n<p><strong>Brasserie la Strol\u00a0<\/strong>(Monistrol-sur-Loire \u2013 43) f\u00e9vrier-mars 2019<\/p>\n<p><strong>Boutique \u00e9ph\u00e9m\u00e8re\u00a0<\/strong>(Saint-Didier-en-Velay\u00a0&#8211; 43) 23 novembre 2018 &#8211; 6 janvier 2019<\/p>\n<p><strong>Salon \u00c9poqu&rsquo;auto<\/strong>\u00a0(Lyon &#8211; 69) 9-10-11 novembre 2018<\/p>\n<p><strong>Bourse expo de voitures anciennes<\/strong>\u00a0(Saint-Galmier \u2013 42) 14 octobre 2018<\/p>\n<p><strong>Collectif de cr\u00e9ateurs 43 &#8211; Chapelle Claire Joie<\/strong>\u00a0(Saint-Didier-en-Velay\u00a0&#8211; 43)\u00a0juillet &#8211; ao\u00fbt\u00a02018<\/p>\n<p><strong>To be z&rsquo;arts<\/strong>\u00a0(Feurs\u00a0&#8211; 42)\u00a08 juillet\u00a02018<\/p>\n<p><strong>Mus\u00e9e\u00a0\u00e9ph\u00e9m\u00e8re<\/strong> \u2013 70 ans de la 2 CV\u00a0(Lempdes &#8211; 63) 17-21 mai\u00a02018<\/p>\n<p><strong>F\u00eate du livre <\/strong>(Bas-en-Basset &#8211; 43) 5 mai 2018<\/p>\n<p><strong>Presse Citron &#8211;\u00a0<\/strong>Hall de l&rsquo;\u00c9cole Estienne (Paris &#8211; 75) mars 2018<\/p>\n<p><strong>Bourse expo de voitures anciennes<\/strong>\u00a0(Saint-Galmier \u2013 42) 26 novembre 2017<\/p>\n<p><strong>Le Lunch Box<\/strong>\u00a0(Monistrol-sur-Loire \u2013 43) \u00a0novembre 2017<\/p>\n<p><strong>Salon \u00c9poqu&rsquo;auto<\/strong>\u00a0(Lyon &#8211; 69) 10-11-12 novembre 2017<\/p>\n<p><strong>10 ans du Journal \u00ab\u00a0Le Sans Culotte 85\u00a0\u00bb<\/strong> (Talmont-Saint-Hilaire &#8211; 85) 21 octobre 2017<\/p>\n<p><strong>Librairie L&rsquo;Hirondaine\u00a0<\/strong>(Firminy &#8211; 42) octobre 2017<\/p>\n<p><strong>Mines d&rsquo;Art<\/strong>\u00a0(Saint-\u00c9tienne &#8211; 42) mai 2017<\/p>\n<p><strong>Presse Citron<\/strong> &#8211; Mairie du 13\u00e8me arrondissement, \u00c9cole Estienne, BNF (Paris &#8211; 75) mars 2017<\/p>\n<p><strong>Le Lunch Box\u00a0<\/strong>(Monistrol-sur-Loire &#8211; 43) novembre 2016<\/p>\n<p><strong>Bar de Lyon\u00a0<\/strong>(Saint-\u00c9tienne &#8211; 42) de novembre 2016 \u00e0 septembre 2017<\/p>\n","protected":false},"excerpt":{"rendered":"<p>Presse Citron &#8211;\u00a0BNF (Paris &#8211; 75) mars 2020 Illumine &#8211; Universit\u00e9 de saint-Quentin-en-Yvelines\u00a0(Saint-Quentin-en-Yvelines &#8211; 78) f\u00e9vrier 2020 Festival des m\u00e9caniques &hellip; <a class=\"kt-excerpt-readmore\" href=\"https:\/\/luko.info\/?page_id=620\" aria-label=\"Expositions\">Lire la suite<\/a><\/p>\n","protected":false},"author":1,"featured_media":0,"parent":47,"menu_order":0,"comment_status":"open","ping_status":"open","template":"page-fullwidth.php","meta":{"jetpack_post_was_ever_published":false,"footnotes":""},"class_list":["post-620","page","type-page","status-publish","hentry"],"jetpack_sharing_enabled":false,"jetpack_shortlink":"https:\/\/wp.me\/P6mY0T-a0","_links":{"self":[{"href":"https:\/\/luko.info\/index.php?rest_route=\/wp\/v2\/pages\/620","targetHints":{"allow":["GET"]}}],"collection":[{"href":"https:\/\/luko.info\/index.php?rest_route=\/wp\/v2\/pages"}],"about":[{"href":"https:\/\/luko.info\/index.php?rest_route=\/wp\/v2\/types\/page"}],"author":[{"embeddable":true,"href":"https:\/\/luko.info\/index.php?rest_route=\/wp\/v2\/users\/1"}],"replies":[{"embeddable":true,"href":"https:\/\/luko.info\/index.php?rest_route=%2Fwp%2Fv2%2Fcomments&post=620"}],"version-history":[{"count":54,"href":"https:\/\/luko.info\/index.php?rest_route=\/wp\/v2\/pages\/620\/revisions"}],"predecessor-version":[{"id":5018,"href":"https:\/\/luko.info\/index.php?rest_route=\/wp\/v2\/pages\/620\/revisions\/5018"}],"up":[{"embeddable":true,"href":"https:\/\/luko.info\/index.php?rest_route=\/wp\/v2\/pages\/47"}],"wp:attachment":[{"href":"https:\/\/luko.info\/index.php?rest_route=%2Fwp%2Fv2%2Fmedia&parent=620"}],"curies":[{"name":"wp","href":"https:\/\/api.w.org\/{rel}","templated":true}]}}