{"id":52,"date":"2015-06-22T13:22:41","date_gmt":"2015-06-22T11:22:41","guid":{"rendered":"http:\/\/luko.info\/?page_id=52"},"modified":"2024-05-08T10:05:53","modified_gmt":"2024-05-08T08:05:53","slug":"mentions-legales","status":"publish","type":"page","link":"https:\/\/luko.info\/?page_id=52","title":{"rendered":"Mentions l\u00e9gales"},"content":{"rendered":"<p>Site \u00e9dit\u00e9 et mis en forme par Mykolas LUKOSEVICIUS, artiste-auteur<\/p>\n<p>N\u00b0 SIRET : 812 167 450 00020<\/p>\n<p>Code APE : 9003A<\/p>\n<p>Num\u00e9ro d\u2019ordre MdA : LE82500<\/p>\n<p>Adh\u00e9rent ADAGP n\u00b01263707<\/p>\n<p>Adresse : 26 route de Chalencon<\/p>\n<p>43530 TIRANGES<\/p>\n<p>FRANCE<\/p>\n<p>06 89 86 42 44<\/p>\n<p><a href=\"mailto:contact@mykolas.info\">contact@mykolas.info<\/a><\/p>\n<p>Le site mykolas.info utilise WordPress, le syst\u00e8me de gestion de contenu (CMS) : http:\/\/fr.wordpress.org<br \/>\nIl est h\u00e9berg\u00e9 par 1&amp;1 Internet (IONOS)<\/p>\n<p>SARL au capital de 100 000 EUR<br \/>\nRCS Sarreguemines B 431 303 775<br \/>\nSIRET 431 303 775 000 16<br \/>\nCode APE : 6201Z<br \/>\nAdresse : 7, place de la Gare<br \/>\nBP 70109<br \/>\n57201 Sarreguemines Cedex<span class=\"Apple-converted-space\">\u00a0 <\/span>&#8211;<span class=\"Apple-converted-space\">\u00a0 <\/span>FRANCE<\/p>\n<p><b>COPYRIGHT<\/b><\/p>\n<p>Toutes les images pr\u00e9sent\u00e9es sur ce site sont prot\u00e9g\u00e9es par la loi sur la propri\u00e9t\u00e9 intellectuelle (articles L111-1 et suivants du code de la propri\u00e9t\u00e9 intellectuelle).<span class=\"Apple-converted-space\">\u00a0<\/span><\/p>\n<p>Aucune reproduction, m\u00eame partielle, autres que celles pr\u00e9vues \u00e0 l\u2019article L122-5 du code de la propri\u00e9t\u00e9 intellectuelle ne peut \u00eatre faite de ce site sans l\u2019autorisation expresse de l\u2019auteur.<\/p>\n<p>Aucun usage commerciale d\u2019une image figurant sur ce site n\u2019est possible sans autorisation \u00e9crite.<\/p>\n<p><b>RGPD<\/b><span class=\"Apple-converted-space\">\u00a0 <\/span>(R\u00e8glement G\u00e9n\u00e9ral sur la Protection des Donn\u00e9es)<\/p>\n<p>Ce site ne collecte pas de donn\u00e9es et ne transmet aucune information \u00e0 quiconque.<\/p>\n<p>Vos coordonn\u00e9es n\u2019apparaissent que dans un courriel ou un commentaire.<\/p>\n<p>Vous pouvez consultez le site de la Commission Nationale de l&rsquo;Informatique et des Libert\u00e9s : <a href=\"http:\/\/cnil.fr\/\">cnil.fr<\/a>, pour plus d\u2019informations sur vos droits.<\/p>\n<p>Pour exercer ces droits ou pour toute question vous pouvez me contacter.<\/p>\n<p>Les utilisateurs disposent d\u2019un droit d\u2019acc\u00e8s et de rectification des donn\u00e9es les concernant, conform\u00e9ment \u00e0 la loi du 6 janvier 1978. Pour l\u2019exercer, adressez votre demande par \u00e9crit \u00e0<span class=\"Apple-converted-space\">\u00a0 <\/span>Mykolas LUKOSEVICIUS ou en utilisant le formulaire \u00ab contact \u00bb disponible sur ce site.<\/p>\n","protected":false},"excerpt":{"rendered":"<p>Site \u00e9dit\u00e9 et mis en forme par Mykolas LUKOSEVICIUS, artiste-auteur N\u00b0 SIRET : 812 167 450 00020 Code APE : &hellip; <a class=\"kt-excerpt-readmore\" href=\"https:\/\/luko.info\/?page_id=52\" aria-label=\"Mentions l\u00e9gales\">Lire la suite<\/a><\/p>\n","protected":false},"author":1,"featured_media":0,"parent":0,"menu_order":0,"comment_status":"open","ping_status":"open","template":"page-fullwidth.php","meta":{"jetpack_post_was_ever_published":false,"footnotes":""},"class_list":["post-52","page","type-page","status-publish","hentry"],"jetpack_sharing_enabled":false,"jetpack_shortlink":"https:\/\/wp.me\/P6mY0T-Q","_links":{"self":[{"href":"https:\/\/luko.info\/index.php?rest_route=\/wp\/v2\/pages\/52","targetHints":{"allow":["GET"]}}],"collection":[{"href":"https:\/\/luko.info\/index.php?rest_route=\/wp\/v2\/pages"}],"about":[{"href":"https:\/\/luko.info\/index.php?rest_route=\/wp\/v2\/types\/page"}],"author":[{"embeddable":true,"href":"https:\/\/luko.info\/index.php?rest_route=\/wp\/v2\/users\/1"}],"replies":[{"embeddable":true,"href":"https:\/\/luko.info\/index.php?rest_route=%2Fwp%2Fv2%2Fcomments&post=52"}],"version-history":[{"count":15,"href":"https:\/\/luko.info\/index.php?rest_route=\/wp\/v2\/pages\/52\/revisions"}],"predecessor-version":[{"id":5457,"href":"https:\/\/luko.info\/index.php?rest_route=\/wp\/v2\/pages\/52\/revisions\/5457"}],"wp:attachment":[{"href":"https:\/\/luko.info\/index.php?rest_route=%2Fwp%2Fv2%2Fmedia&parent=52"}],"curies":[{"name":"wp","href":"https:\/\/api.w.org\/{rel}","templated":true}]}}