{"id":33,"date":"2015-06-22T11:25:50","date_gmt":"2015-06-22T09:25:50","guid":{"rendered":"http:\/\/luko.info\/?page_id=33"},"modified":"2021-12-12T08:45:26","modified_gmt":"2021-12-12T07:45:26","slug":"copyright","status":"publish","type":"page","link":"https:\/\/luko.info\/?page_id=33","title":{"rendered":"Copyright"},"content":{"rendered":"<p>Toutes les images pr\u00e9sent\u00e9es sur ce site sont prot\u00e9g\u00e9es par la loi sur la propri\u00e9t\u00e9 intellectuelle (articles L111-1 et suivants du code de la propri\u00e9t\u00e9 intellectuelle).<\/p>\n<p>Aucune reproduction, m\u00eame partielle, autres que celles pr\u00e9vues \u00e0 l\u2019article L122-5 du code de la propri\u00e9t\u00e9 intellectuelle ne peut \u00eatre faite de ce site sans l\u2019autorisation expresse de l\u2019auteur.<\/p>\n<p>Aucun usage commercial d&rsquo;une image figurant sur ce site n&rsquo;est possible sans autorisation \u00e9crite.<\/p>\n","protected":false},"excerpt":{"rendered":"<p>Toutes les images pr\u00e9sent\u00e9es sur ce site sont prot\u00e9g\u00e9es par la loi sur la propri\u00e9t\u00e9 intellectuelle (articles L111-1 et suivants &hellip; <a class=\"kt-excerpt-readmore\" href=\"https:\/\/luko.info\/?page_id=33\" aria-label=\"Copyright\">Lire la suite<\/a><\/p>\n","protected":false},"author":1,"featured_media":0,"parent":47,"menu_order":0,"comment_status":"open","ping_status":"open","template":"page-fullwidth.php","meta":{"jetpack_post_was_ever_published":false,"footnotes":""},"class_list":["post-33","page","type-page","status-publish","hentry"],"jetpack_sharing_enabled":false,"jetpack_shortlink":"https:\/\/wp.me\/P6mY0T-x","_links":{"self":[{"href":"https:\/\/luko.info\/index.php?rest_route=\/wp\/v2\/pages\/33","targetHints":{"allow":["GET"]}}],"collection":[{"href":"https:\/\/luko.info\/index.php?rest_route=\/wp\/v2\/pages"}],"about":[{"href":"https:\/\/luko.info\/index.php?rest_route=\/wp\/v2\/types\/page"}],"author":[{"embeddable":true,"href":"https:\/\/luko.info\/index.php?rest_route=\/wp\/v2\/users\/1"}],"replies":[{"embeddable":true,"href":"https:\/\/luko.info\/index.php?rest_route=%2Fwp%2Fv2%2Fcomments&post=33"}],"version-history":[{"count":3,"href":"https:\/\/luko.info\/index.php?rest_route=\/wp\/v2\/pages\/33\/revisions"}],"predecessor-version":[{"id":5325,"href":"https:\/\/luko.info\/index.php?rest_route=\/wp\/v2\/pages\/33\/revisions\/5325"}],"up":[{"embeddable":true,"href":"https:\/\/luko.info\/index.php?rest_route=\/wp\/v2\/pages\/47"}],"wp:attachment":[{"href":"https:\/\/luko.info\/index.php?rest_route=%2Fwp%2Fv2%2Fmedia&parent=33"}],"curies":[{"name":"wp","href":"https:\/\/api.w.org\/{rel}","templated":true}]}}